{"id":8231,"date":"2023-11-10T09:34:01","date_gmt":"2023-11-10T08:34:01","guid":{"rendered":"https:\/\/www.coemmo.com\/politique-de-confidentialite\/"},"modified":"2026-03-04T15:26:25","modified_gmt":"2026-03-04T14:26:25","slug":"politique-de-confidentialite","status":"publish","type":"page","link":"https:\/\/www.coemmo.com\/fr\/politique-de-confidentialite\/","title":{"rendered":"Politique de confidentialit\u00e9"},"content":{"rendered":"\t\t<div data-elementor-type=\"wp-page\" data-elementor-id=\"8231\" class=\"elementor elementor-8231 elementor-2599\" data-elementor-post-type=\"page\">\n\t\t\t\t<div class=\"elementor-element elementor-element-3bfe5a6 animated-slow e-flex e-con-boxed elementor-invisible e-con e-parent\" data-id=\"3bfe5a6\" data-element_type=\"container\" data-e-type=\"container\" data-settings=\"{&quot;background_background&quot;:&quot;classic&quot;,&quot;animation&quot;:&quot;fadeIn&quot;,&quot;animation_delay&quot;:500}\">\n\t\t\t\t\t<div class=\"e-con-inner\">\n\t\t\t\t<div class=\"elementor-element elementor-element-59154fa elementor-widget elementor-widget-heading\" data-id=\"59154fa\" data-element_type=\"widget\" data-e-type=\"widget\" data-widget_type=\"heading.default\">\n\t\t\t\t<div class=\"elementor-widget-container\">\n\t\t\t\t\t<h1 class=\"elementor-heading-title elementor-size-default\">Politique de confidentialit\u00e9<\/h1>\t\t\t\t<\/div>\n\t\t\t\t<\/div>\n\t\t\t\t\t<\/div>\n\t\t\t\t<\/div>\n\t\t<div class=\"elementor-element elementor-element-4fb4b3f e-flex e-con-boxed e-con e-parent\" data-id=\"4fb4b3f\" data-element_type=\"container\" data-e-type=\"container\">\n\t\t\t\t\t<div class=\"e-con-inner\">\n\t\t\t\t<div class=\"elementor-element elementor-element-be1f9de animated-slow elementor-invisible elementor-widget elementor-widget-text-editor\" data-id=\"be1f9de\" data-element_type=\"widget\" data-e-type=\"widget\" data-settings=\"{&quot;_animation&quot;:&quot;fadeIn&quot;,&quot;_animation_delay&quot;:600}\" data-widget_type=\"text-editor.default\">\n\t\t\t\t<div class=\"elementor-widget-container\">\n\t\t\t\t\t\t\t\t\t<p><strong>R\u00e8glement g\u00e9n\u00e9ral sur la protection des donn\u00e9es (RGPD) \u2013 D\u00e9cembre 2018.<\/strong><\/p><p>Nous vous informons que les donn\u00e9es personnelles de nos clients seront trait\u00e9es conform\u00e9ment \u00e0 la l\u00e9gislation en vigueur en mati\u00e8re de protection des donn\u00e9es personnelles, de confidentialit\u00e9 des utilisateurs et de secret et s\u00e9curit\u00e9 des donn\u00e9es personnelles, conform\u00e9ment aux dispositions de la loi organique 3\/2018 du 5 d\u00e9cembre relative \u00e0 la protection des donn\u00e9es personnelles et \u00e0 la garantie des droits num\u00e9riques (LOPD-GDD) et du r\u00e8glement (UE) 2016\/679 du Parlement europ\u00e9en et du Conseil du 27 avril 2016 relatif \u00e0 la protection des personnes physiques \u00e0 l\u2019\u00e9gard du traitement des donn\u00e9es \u00e0 caract\u00e8re personnel (RGPD).<\/p><p>Afin de nous conformer audit r\u00e8glement, nous avons mis \u00e0 jour notre politique de confidentialit\u00e9 :<\/p><p>Responsable : <strong>RC COEMMO, S.L.<\/strong> avec CIF <strong>B60428521<\/strong> <\/p><p><strong>FINALIT\u00c9 DU TRAITEMENT<\/strong><br>Nous traitons les informations que vous nous fournissez afin de vous fournir le service demand\u00e9 et de vous envoyer des communications relatives au contenu de nos produits et services.<\/p><ul><li><strong>Provenance et cat\u00e9gorie des donn\u00e9es trait\u00e9es :<\/strong> les donn\u00e9es personnelles que nous traiterons sont vos donn\u00e9es d\u2019identification que vous nous fournissez via le formulaire d\u2019inscription que vous trouverez sur notre site web.<\/li><li><strong>Dur\u00e9e de conservation :<\/strong> les donn\u00e9es fournies seront conserv\u00e9es tant que la relation commerciale est maintenue ou pendant les ann\u00e9es n\u00e9cessaires pour se conformer aux obligations l\u00e9gales.<\/li><li><strong>L\u00e9gitimation :<\/strong> nous ne traitons vos donn\u00e9es que si nous avons votre consentement expr\u00e8s et \u00e9clair\u00e9 pour le faire, et toujours conform\u00e9ment aux finalit\u00e9s d\u00e9crites.<\/li><li><strong>Destinataires :<\/strong> les donn\u00e9es que vous nous fournissez ne seront pas c\u00e9d\u00e9es \u00e0 des tiers, sauf dans les cas o\u00f9 il existe une obligation l\u00e9gale.<\/li><\/ul><p><br>Toutefois, pour l\u2019ex\u00e9cution de certaines fonctions n\u00e9cessaires \u00e0 la prestation du service, vos donn\u00e9es peuvent \u00eatre trait\u00e9es par des tiers qui agiront en tant que sous-traitants et qui seront contractuellement tenus de respecter leurs obligations l\u00e9gales de sous-traitant, de maintenir la confidentialit\u00e9 et le secret de l\u2019information.<\/p><p><strong>DROITS<\/strong><br>Vous \u00eates titulaire des droits suivants sur vos donn\u00e9es \u00e0 caract\u00e8re personnel :<\/p><ul><li>Droit de demander l\u2019acc\u00e8s aux donn\u00e9es personnelles.<\/li><li>Droit de demander leur rectification ou leur suppression.<\/li><li>Droit de demander la limitation ou l\u2019opposition \u00e0 leur traitement.<\/li><li>R\u00e9vocation du consentement donn\u00e9.<\/li><li>Droit \u00e0 la portabilit\u00e9 de vos donn\u00e9es<\/li><\/ul><p>Pour l\u2019exercice de ces droits, vous devez nous adresser une communication \u00e9crite par courrier \u00e9lectronique \u00e0 l\u2019adresse <a href=\"mailto:info@coemmo.com\">info@coemmo.com<\/a> en pr\u00e9cisant le droit que vous souhaitez exercer.<\/p><p>De m\u00eame, nous vous informons que vous pouvez demander la protection de vos droits aupr\u00e8s de l\u2019Agence espagnole de protection des donn\u00e9es (AEPD) dont le si\u00e8ge est situ\u00e9 Calle de Jorge Juan, 6, 28001 Madrid.<\/p>\t\t\t\t\t\t\t\t<\/div>\n\t\t\t\t<\/div>\n\t\t\t\t\t<\/div>\n\t\t\t\t<\/div>\n\t\t\t\t<\/div>\n\t\t","protected":false},"excerpt":{"rendered":"<p>R\u00e8glement g\u00e9n\u00e9ral sur la protection des donn\u00e9es (RGPD) \u2013 D\u00e9cembre 2018. Nous vous informons que les donn\u00e9es personnelles de nos clients seront trait\u00e9es conform\u00e9ment \u00e0 la l\u00e9gislation en vigueur en mati\u00e8re de protection des donn\u00e9es personnelles, de confidentialit\u00e9 des utilisateurs et de secret et s\u00e9curit\u00e9 des donn\u00e9es personnelles, conform\u00e9ment aux dispositions de la loi organique&hellip;&nbsp;<\/p>\n","protected":false},"author":1,"featured_media":0,"parent":0,"menu_order":0,"comment_status":"closed","ping_status":"closed","template":"page-templates\/template-pagebuilder-full-width.php","meta":{"_acf_changed":false,"neve_meta_sidebar":"","neve_meta_container":"","neve_meta_enable_content_width":"off","neve_meta_content_width":100,"neve_meta_title_alignment":"","neve_meta_author_avatar":"","neve_post_elements_order":"","neve_meta_disable_header":"","neve_meta_disable_footer":"","neve_meta_disable_title":"","footnotes":""},"class_list":["post-8231","page","type-page","status-publish","hentry"],"acf":[],"yoast_head":"<!-- This site is optimized with the Yoast SEO plugin v27.4 - https:\/\/yoast.com\/product\/yoast-seo-wordpress\/ -->\n<title>Politique de confidentialit\u00e9 | COEMMO<\/title>\n<meta name=\"description\" content=\"Politique de confidentialit\u00e9 de RC COEMMO : protection et traitement des donn\u00e9es personnelles de l\u2019utilisateur, usage responsable et s\u00e9curit\u00e9 de l\u2019information.\" \/>\n<meta name=\"robots\" content=\"noindex, follow\" \/>\n<meta property=\"og:locale\" content=\"fr_FR\" \/>\n<meta property=\"og:type\" content=\"article\" \/>\n<meta property=\"og:title\" content=\"Politique de confidentialit\u00e9 | COEMMO\" \/>\n<meta property=\"og:description\" content=\"Politique de confidentialit\u00e9 de RC COEMMO : protection et traitement des donn\u00e9es personnelles de l\u2019utilisateur, usage responsable et s\u00e9curit\u00e9 de l\u2019information.\" \/>\n<meta property=\"og:url\" content=\"https:\/\/www.coemmo.com\/fr\/politique-de-confidentialite\/\" \/>\n<meta property=\"og:site_name\" content=\"COEMMO\" \/>\n<meta property=\"article:modified_time\" content=\"2026-03-04T14:26:25+00:00\" \/>\n<meta property=\"og:image\" content=\"https:\/\/www.coemmo.com\/wp-content\/uploads\/2026\/03\/Coemmo-logo.jpg\" \/>\n\t<meta property=\"og:image:width\" content=\"1280\" \/>\n\t<meta property=\"og:image:height\" content=\"720\" \/>\n\t<meta property=\"og:image:type\" content=\"image\/jpeg\" \/>\n<meta name=\"twitter:card\" content=\"summary_large_image\" \/>\n<meta name=\"twitter:label1\" content=\"Dur\u00e9e de lecture estim\u00e9e\" \/>\n\t<meta name=\"twitter:data1\" content=\"2 minutes\" \/>\n<script type=\"application\/ld+json\" class=\"yoast-schema-graph\">{\"@context\":\"https:\\\/\\\/schema.org\",\"@graph\":[{\"@type\":\"WebPage\",\"@id\":\"https:\\\/\\\/www.coemmo.com\\\/fr\\\/politique-de-confidentialite\\\/\",\"url\":\"https:\\\/\\\/www.coemmo.com\\\/fr\\\/politique-de-confidentialite\\\/\",\"name\":\"Politique de confidentialit\u00e9 | COEMMO\",\"isPartOf\":{\"@id\":\"https:\\\/\\\/www.coemmo.com\\\/fr\\\/#website\"},\"datePublished\":\"2023-11-10T08:34:01+00:00\",\"dateModified\":\"2026-03-04T14:26:25+00:00\",\"description\":\"Politique de confidentialit\u00e9 de RC COEMMO : protection et traitement des donn\u00e9es personnelles de l\u2019utilisateur, usage responsable et s\u00e9curit\u00e9 de l\u2019information.\",\"breadcrumb\":{\"@id\":\"https:\\\/\\\/www.coemmo.com\\\/fr\\\/politique-de-confidentialite\\\/#breadcrumb\"},\"inLanguage\":\"fr-FR\",\"potentialAction\":[{\"@type\":\"ReadAction\",\"target\":[\"https:\\\/\\\/www.coemmo.com\\\/fr\\\/politique-de-confidentialite\\\/\"]}]},{\"@type\":\"BreadcrumbList\",\"@id\":\"https:\\\/\\\/www.coemmo.com\\\/fr\\\/politique-de-confidentialite\\\/#breadcrumb\",\"itemListElement\":[{\"@type\":\"ListItem\",\"position\":1,\"name\":\"Portada\",\"item\":\"https:\\\/\\\/www.coemmo.com\\\/fr\\\/accueil\\\/\"},{\"@type\":\"ListItem\",\"position\":2,\"name\":\"Politique de confidentialit\u00e9\"}]},{\"@type\":\"WebSite\",\"@id\":\"https:\\\/\\\/www.coemmo.com\\\/fr\\\/#website\",\"url\":\"https:\\\/\\\/www.coemmo.com\\\/fr\\\/\",\"name\":\"COEMMO\",\"description\":\"Fabricamos soluciones de embalaje\",\"publisher\":{\"@id\":\"https:\\\/\\\/www.coemmo.com\\\/fr\\\/#organization\"},\"alternateName\":\"COEMMO Packaging\",\"potentialAction\":[{\"@type\":\"SearchAction\",\"target\":{\"@type\":\"EntryPoint\",\"urlTemplate\":\"https:\\\/\\\/www.coemmo.com\\\/fr\\\/?s={search_term_string}\"},\"query-input\":{\"@type\":\"PropertyValueSpecification\",\"valueRequired\":true,\"valueName\":\"search_term_string\"}}],\"inLanguage\":\"fr-FR\"},{\"@type\":\"Organization\",\"@id\":\"https:\\\/\\\/www.coemmo.com\\\/fr\\\/#organization\",\"name\":\"COEMMO\",\"alternateName\":\"COEMMO Packaging\",\"url\":\"https:\\\/\\\/www.coemmo.com\\\/fr\\\/\",\"logo\":{\"@type\":\"ImageObject\",\"inLanguage\":\"fr-FR\",\"@id\":\"https:\\\/\\\/www.coemmo.com\\\/fr\\\/#\\\/schema\\\/logo\\\/image\\\/\",\"url\":\"https:\\\/\\\/www.coemmo.com\\\/wp-content\\\/uploads\\\/2025\\\/06\\\/favicon.png\",\"contentUrl\":\"https:\\\/\\\/www.coemmo.com\\\/wp-content\\\/uploads\\\/2025\\\/06\\\/favicon.png\",\"width\":512,\"height\":512,\"caption\":\"COEMMO\"},\"image\":{\"@id\":\"https:\\\/\\\/www.coemmo.com\\\/fr\\\/#\\\/schema\\\/logo\\\/image\\\/\"},\"sameAs\":[\"https:\\\/\\\/www.linkedin.com\\\/company\\\/coemmo?originalSubdomain=es\"]}]}<\/script>\n<!-- \/ Yoast SEO plugin. -->","yoast_head_json":{"title":"Politique de confidentialit\u00e9 | COEMMO","description":"Politique de confidentialit\u00e9 de RC COEMMO : protection et traitement des donn\u00e9es personnelles de l\u2019utilisateur, usage responsable et s\u00e9curit\u00e9 de l\u2019information.","robots":{"index":"noindex","follow":"follow"},"og_locale":"fr_FR","og_type":"article","og_title":"Politique de confidentialit\u00e9 | COEMMO","og_description":"Politique de confidentialit\u00e9 de RC COEMMO : protection et traitement des donn\u00e9es personnelles de l\u2019utilisateur, usage responsable et s\u00e9curit\u00e9 de l\u2019information.","og_url":"https:\/\/www.coemmo.com\/fr\/politique-de-confidentialite\/","og_site_name":"COEMMO","article_modified_time":"2026-03-04T14:26:25+00:00","og_image":[{"width":1280,"height":720,"url":"https:\/\/www.coemmo.com\/wp-content\/uploads\/2026\/03\/Coemmo-logo.jpg","type":"image\/jpeg"}],"twitter_card":"summary_large_image","twitter_misc":{"Dur\u00e9e de lecture estim\u00e9e":"2 minutes"},"schema":{"@context":"https:\/\/schema.org","@graph":[{"@type":"WebPage","@id":"https:\/\/www.coemmo.com\/fr\/politique-de-confidentialite\/","url":"https:\/\/www.coemmo.com\/fr\/politique-de-confidentialite\/","name":"Politique de confidentialit\u00e9 | COEMMO","isPartOf":{"@id":"https:\/\/www.coemmo.com\/fr\/#website"},"datePublished":"2023-11-10T08:34:01+00:00","dateModified":"2026-03-04T14:26:25+00:00","description":"Politique de confidentialit\u00e9 de RC COEMMO : protection et traitement des donn\u00e9es personnelles de l\u2019utilisateur, usage responsable et s\u00e9curit\u00e9 de l\u2019information.","breadcrumb":{"@id":"https:\/\/www.coemmo.com\/fr\/politique-de-confidentialite\/#breadcrumb"},"inLanguage":"fr-FR","potentialAction":[{"@type":"ReadAction","target":["https:\/\/www.coemmo.com\/fr\/politique-de-confidentialite\/"]}]},{"@type":"BreadcrumbList","@id":"https:\/\/www.coemmo.com\/fr\/politique-de-confidentialite\/#breadcrumb","itemListElement":[{"@type":"ListItem","position":1,"name":"Portada","item":"https:\/\/www.coemmo.com\/fr\/accueil\/"},{"@type":"ListItem","position":2,"name":"Politique de confidentialit\u00e9"}]},{"@type":"WebSite","@id":"https:\/\/www.coemmo.com\/fr\/#website","url":"https:\/\/www.coemmo.com\/fr\/","name":"COEMMO","description":"Fabricamos soluciones de embalaje","publisher":{"@id":"https:\/\/www.coemmo.com\/fr\/#organization"},"alternateName":"COEMMO Packaging","potentialAction":[{"@type":"SearchAction","target":{"@type":"EntryPoint","urlTemplate":"https:\/\/www.coemmo.com\/fr\/?s={search_term_string}"},"query-input":{"@type":"PropertyValueSpecification","valueRequired":true,"valueName":"search_term_string"}}],"inLanguage":"fr-FR"},{"@type":"Organization","@id":"https:\/\/www.coemmo.com\/fr\/#organization","name":"COEMMO","alternateName":"COEMMO Packaging","url":"https:\/\/www.coemmo.com\/fr\/","logo":{"@type":"ImageObject","inLanguage":"fr-FR","@id":"https:\/\/www.coemmo.com\/fr\/#\/schema\/logo\/image\/","url":"https:\/\/www.coemmo.com\/wp-content\/uploads\/2025\/06\/favicon.png","contentUrl":"https:\/\/www.coemmo.com\/wp-content\/uploads\/2025\/06\/favicon.png","width":512,"height":512,"caption":"COEMMO"},"image":{"@id":"https:\/\/www.coemmo.com\/fr\/#\/schema\/logo\/image\/"},"sameAs":["https:\/\/www.linkedin.com\/company\/coemmo?originalSubdomain=es"]}]}},"_links":{"self":[{"href":"https:\/\/www.coemmo.com\/fr\/wp-json\/wp\/v2\/pages\/8231","targetHints":{"allow":["GET"]}}],"collection":[{"href":"https:\/\/www.coemmo.com\/fr\/wp-json\/wp\/v2\/pages"}],"about":[{"href":"https:\/\/www.coemmo.com\/fr\/wp-json\/wp\/v2\/types\/page"}],"author":[{"embeddable":true,"href":"https:\/\/www.coemmo.com\/fr\/wp-json\/wp\/v2\/users\/1"}],"replies":[{"embeddable":true,"href":"https:\/\/www.coemmo.com\/fr\/wp-json\/wp\/v2\/comments?post=8231"}],"version-history":[{"count":1,"href":"https:\/\/www.coemmo.com\/fr\/wp-json\/wp\/v2\/pages\/8231\/revisions"}],"predecessor-version":[{"id":8232,"href":"https:\/\/www.coemmo.com\/fr\/wp-json\/wp\/v2\/pages\/8231\/revisions\/8232"}],"wp:attachment":[{"href":"https:\/\/www.coemmo.com\/fr\/wp-json\/wp\/v2\/media?parent=8231"}],"curies":[{"name":"wp","href":"https:\/\/api.w.org\/{rel}","templated":true}]}}