{"id":8054,"date":"2023-11-10T09:31:15","date_gmt":"2023-11-10T08:31:15","guid":{"rendered":"https:\/\/www.coemmo.com\/mentions-legales\/"},"modified":"2026-03-04T15:23:08","modified_gmt":"2026-03-04T14:23:08","slug":"mentions-legales","status":"publish","type":"page","link":"https:\/\/www.coemmo.com\/fr\/mentions-legales\/","title":{"rendered":"Mentions l\u00e9gales"},"content":{"rendered":"\t\t<div data-elementor-type=\"wp-page\" data-elementor-id=\"8054\" class=\"elementor elementor-8054 elementor-2591\" data-elementor-post-type=\"page\">\n\t\t\t\t<div class=\"elementor-element elementor-element-3bfe5a6 animated-slow e-flex e-con-boxed elementor-invisible e-con e-parent\" data-id=\"3bfe5a6\" data-element_type=\"container\" data-e-type=\"container\" data-settings=\"{&quot;background_background&quot;:&quot;classic&quot;,&quot;animation&quot;:&quot;fadeIn&quot;,&quot;animation_delay&quot;:500}\">\n\t\t\t\t\t<div class=\"e-con-inner\">\n\t\t\t\t<div class=\"elementor-element elementor-element-59154fa elementor-widget elementor-widget-heading\" data-id=\"59154fa\" data-element_type=\"widget\" data-e-type=\"widget\" data-widget_type=\"heading.default\">\n\t\t\t\t<div class=\"elementor-widget-container\">\n\t\t\t\t\t<h1 class=\"elementor-heading-title elementor-size-default\">Mentions l\u00e9gales<\/h1>\t\t\t\t<\/div>\n\t\t\t\t<\/div>\n\t\t\t\t\t<\/div>\n\t\t\t\t<\/div>\n\t\t<div class=\"elementor-element elementor-element-4fb4b3f e-flex e-con-boxed e-con e-parent\" data-id=\"4fb4b3f\" data-element_type=\"container\" data-e-type=\"container\">\n\t\t\t\t\t<div class=\"e-con-inner\">\n\t\t\t\t<div class=\"elementor-element elementor-element-be1f9de animated-slow elementor-invisible elementor-widget elementor-widget-text-editor\" data-id=\"be1f9de\" data-element_type=\"widget\" data-e-type=\"widget\" data-settings=\"{&quot;_animation&quot;:&quot;fadeIn&quot;,&quot;_animation_delay&quot;:600}\" data-widget_type=\"text-editor.default\">\n\t\t\t\t<div class=\"elementor-widget-container\">\n\t\t\t\t\t\t\t\t\t<p>Le site web et le domaine <strong><a href=\"https:\/\/www.coemmo.com\/fr\/\">www.www.coemmo.com<\/a><\/strong> appartiennent \u00e0 <strong>RC COEMMO, S.L<\/strong>, avec le CIF <strong>B60428521<\/strong>, domicili\u00e9e \u00e0 <strong>Avda. Ramon Ciurans, 10 \u2013 Pol.Ind. Congost \u2013 08530 La Garriga (Barcelone)<\/strong>, \u2013 t\u00e9l. <strong>93 871 72 54<\/strong>, e-mail : <a href=\"mailto:info@coemmo.com\"><strong>info@coemmo.com<\/strong><\/a> <\/p><p><strong>Inscrite au Registre du Commerce de Barcelone, tome 26606, feuillet B-107.280, folio 1, 1\u00e8re inscription.<\/strong><\/p><p><strong>PROPRI\u00c9T\u00c9 INTELLECTUELLE ET INDUSTRIELLE<\/strong><br>Le contenu de ce site, y compris les textes, images et graphismes, appartient \u00e0 xxx, ou \u00e0 des tiers ayant sp\u00e9cifiquement autoris\u00e9 son utilisation sur leur site web. RC COEMMO, S.L pr\u00e9sente ces contenus \u00e0 des fins d\u2019information et de publicit\u00e9. RC COEMMO, S.L autorise leur utilisation exclusivement pour diffuser ses produits ou services. Toute utilisation de ces designs, images ou textes devra citer express\u00e9ment leur appartenance \u00e0 RC COEMMO, S.L, qui se r\u00e9serve le droit d\u2019engager les actions en justice appropri\u00e9es pour r\u00e9parer les dommages caus\u00e9s par tout acte portant atteinte \u00e0 ses droits de propri\u00e9t\u00e9 intellectuelle ou industrielle. L\u2019utilisation des logos, designs, marques ou autres signes distinctifs de RC COEMMO, S.L ou des clients de RC COEMMO, S.L n\u2019est pas autoris\u00e9e sans l\u2019autorisation expresse, pr\u00e9alable et \u00e9crite des titulaires respectifs des droits.    <\/p><p>Les pr\u00e9sentations du contenu de ce site dans une fen\u00eatre externe \u00e0 https: <a href=\"https:\/\/www.coemmo.com\/fr\/\">www.www.coemmo.com<\/a> (framing) ne sont pas autoris\u00e9es.<\/p><p><strong>RESPONSABILIT\u00c9 SUR LES CONTENUS<\/strong><br>Bien que RC COEMMO, S.L agisse avec la plus grande diligence possible, il se peut que certaines donn\u00e9es ou informations ne soient pas totalement \u00e0 jour au moment o\u00f9 l\u2019utilisateur du site web les consulte. C\u2019est pourquoi RC COEMMO, S.L pr\u00e9cise que les r\u00e9f\u00e9rences des produits et les prix pr\u00e9sent\u00e9s sur son site web ont une fonction indicative et n\u2019engagent pas RC COEMMO, S.L jusqu\u2019\u00e0 la confirmation expresse d\u2019une commande. <\/p><p>RC COEMMO, S.L n\u2019est pas responsable des informations pouvant \u00eatre obtenues via les liens inclus sur le site.<\/p><p><strong>CONDITIONS D\u2019UTILISATION<\/strong><br>L\u2019utilisation de ce site web implique l\u2019acceptation pleine et enti\u00e8re des termes et conditions des pr\u00e9sentes mentions l\u00e9gales. Les \u00e9ventuels litiges relatifs \u00e0 ce site seront exclusivement r\u00e9gis par le droit de l\u2019\u00c9tat espagnol. Tout utilisateur du site, quelle que soit la juridiction territoriale depuis laquelle l\u2019acc\u00e8s a lieu, accepte de se conformer et de respecter ces clauses.  <\/p>\t\t\t\t\t\t\t\t<\/div>\n\t\t\t\t<\/div>\n\t\t\t\t\t<\/div>\n\t\t\t\t<\/div>\n\t\t\t\t<\/div>\n\t\t","protected":false},"excerpt":{"rendered":"<p>Le site web et le domaine www.www.coemmo.com appartiennent \u00e0 RC COEMMO, S.L, avec le CIF B60428521, domicili\u00e9e \u00e0 Avda. Ramon Ciurans, 10 \u2013 Pol.Ind. Congost \u2013 08530 La Garriga (Barcelone), \u2013 t\u00e9l. 93 871 72 54, e-mail : info@coemmo.com Inscrite au Registre du Commerce de Barcelone, tome 26606, feuillet B-107.280, folio 1, 1\u00e8re inscription. PROPRI\u00c9T\u00c9&hellip;&nbsp;<\/p>\n","protected":false},"author":1,"featured_media":0,"parent":0,"menu_order":0,"comment_status":"closed","ping_status":"closed","template":"page-templates\/template-pagebuilder-full-width.php","meta":{"_acf_changed":false,"neve_meta_sidebar":"","neve_meta_container":"","neve_meta_enable_content_width":"off","neve_meta_content_width":100,"neve_meta_title_alignment":"","neve_meta_author_avatar":"","neve_post_elements_order":"","neve_meta_disable_header":"","neve_meta_disable_footer":"","neve_meta_disable_title":"","footnotes":""},"class_list":["post-8054","page","type-page","status-publish","hentry"],"acf":[],"yoast_head":"<!-- This site is optimized with the Yoast SEO plugin v27.4 - https:\/\/yoast.com\/product\/yoast-seo-wordpress\/ -->\n<title>Mentions l\u00e9gales | COEMMO<\/title>\n<meta name=\"description\" content=\"Mentions l\u00e9gales de RC COEMMO, S.L avec donn\u00e9es d\u2019enregistrement, propri\u00e9t\u00e9 intellectuelle, responsabilit\u00e9s et conditions d\u2019utilisation du site web.\" \/>\n<meta name=\"robots\" content=\"noindex, follow\" \/>\n<meta property=\"og:locale\" content=\"fr_FR\" \/>\n<meta property=\"og:type\" content=\"article\" \/>\n<meta property=\"og:title\" content=\"Mentions l\u00e9gales | COEMMO\" \/>\n<meta property=\"og:description\" content=\"Mentions l\u00e9gales de RC COEMMO, S.L avec donn\u00e9es d\u2019enregistrement, propri\u00e9t\u00e9 intellectuelle, responsabilit\u00e9s et conditions d\u2019utilisation du site web.\" \/>\n<meta property=\"og:url\" content=\"https:\/\/www.coemmo.com\/fr\/mentions-legales\/\" \/>\n<meta property=\"og:site_name\" content=\"COEMMO\" \/>\n<meta property=\"article:modified_time\" content=\"2026-03-04T14:23:08+00:00\" \/>\n<meta property=\"og:image\" content=\"https:\/\/www.coemmo.com\/wp-content\/uploads\/2026\/03\/Coemmo-logo.jpg\" \/>\n\t<meta property=\"og:image:width\" content=\"1280\" \/>\n\t<meta property=\"og:image:height\" content=\"720\" \/>\n\t<meta property=\"og:image:type\" content=\"image\/jpeg\" \/>\n<meta name=\"twitter:card\" content=\"summary_large_image\" \/>\n<meta name=\"twitter:label1\" content=\"Dur\u00e9e de lecture estim\u00e9e\" \/>\n\t<meta name=\"twitter:data1\" content=\"2 minutes\" \/>\n<script type=\"application\/ld+json\" class=\"yoast-schema-graph\">{\"@context\":\"https:\\\/\\\/schema.org\",\"@graph\":[{\"@type\":\"WebPage\",\"@id\":\"https:\\\/\\\/www.coemmo.com\\\/fr\\\/mentions-legales\\\/\",\"url\":\"https:\\\/\\\/www.coemmo.com\\\/fr\\\/mentions-legales\\\/\",\"name\":\"Mentions l\u00e9gales | COEMMO\",\"isPartOf\":{\"@id\":\"https:\\\/\\\/www.coemmo.com\\\/fr\\\/#website\"},\"datePublished\":\"2023-11-10T08:31:15+00:00\",\"dateModified\":\"2026-03-04T14:23:08+00:00\",\"description\":\"Mentions l\u00e9gales de RC COEMMO, S.L avec donn\u00e9es d\u2019enregistrement, propri\u00e9t\u00e9 intellectuelle, responsabilit\u00e9s et conditions d\u2019utilisation du site web.\",\"breadcrumb\":{\"@id\":\"https:\\\/\\\/www.coemmo.com\\\/fr\\\/mentions-legales\\\/#breadcrumb\"},\"inLanguage\":\"fr-FR\",\"potentialAction\":[{\"@type\":\"ReadAction\",\"target\":[\"https:\\\/\\\/www.coemmo.com\\\/fr\\\/mentions-legales\\\/\"]}]},{\"@type\":\"BreadcrumbList\",\"@id\":\"https:\\\/\\\/www.coemmo.com\\\/fr\\\/mentions-legales\\\/#breadcrumb\",\"itemListElement\":[{\"@type\":\"ListItem\",\"position\":1,\"name\":\"Portada\",\"item\":\"https:\\\/\\\/www.coemmo.com\\\/fr\\\/accueil\\\/\"},{\"@type\":\"ListItem\",\"position\":2,\"name\":\"Mentions l\u00e9gales\"}]},{\"@type\":\"WebSite\",\"@id\":\"https:\\\/\\\/www.coemmo.com\\\/fr\\\/#website\",\"url\":\"https:\\\/\\\/www.coemmo.com\\\/fr\\\/\",\"name\":\"COEMMO\",\"description\":\"Fabricamos soluciones de embalaje\",\"publisher\":{\"@id\":\"https:\\\/\\\/www.coemmo.com\\\/fr\\\/#organization\"},\"alternateName\":\"COEMMO Packaging\",\"potentialAction\":[{\"@type\":\"SearchAction\",\"target\":{\"@type\":\"EntryPoint\",\"urlTemplate\":\"https:\\\/\\\/www.coemmo.com\\\/fr\\\/?s={search_term_string}\"},\"query-input\":{\"@type\":\"PropertyValueSpecification\",\"valueRequired\":true,\"valueName\":\"search_term_string\"}}],\"inLanguage\":\"fr-FR\"},{\"@type\":\"Organization\",\"@id\":\"https:\\\/\\\/www.coemmo.com\\\/fr\\\/#organization\",\"name\":\"COEMMO\",\"alternateName\":\"COEMMO Packaging\",\"url\":\"https:\\\/\\\/www.coemmo.com\\\/fr\\\/\",\"logo\":{\"@type\":\"ImageObject\",\"inLanguage\":\"fr-FR\",\"@id\":\"https:\\\/\\\/www.coemmo.com\\\/fr\\\/#\\\/schema\\\/logo\\\/image\\\/\",\"url\":\"https:\\\/\\\/www.coemmo.com\\\/wp-content\\\/uploads\\\/2025\\\/06\\\/favicon.png\",\"contentUrl\":\"https:\\\/\\\/www.coemmo.com\\\/wp-content\\\/uploads\\\/2025\\\/06\\\/favicon.png\",\"width\":512,\"height\":512,\"caption\":\"COEMMO\"},\"image\":{\"@id\":\"https:\\\/\\\/www.coemmo.com\\\/fr\\\/#\\\/schema\\\/logo\\\/image\\\/\"},\"sameAs\":[\"https:\\\/\\\/www.linkedin.com\\\/company\\\/coemmo?originalSubdomain=es\"]}]}<\/script>\n<!-- \/ Yoast SEO plugin. -->","yoast_head_json":{"title":"Mentions l\u00e9gales | COEMMO","description":"Mentions l\u00e9gales de RC COEMMO, S.L avec donn\u00e9es d\u2019enregistrement, propri\u00e9t\u00e9 intellectuelle, responsabilit\u00e9s et conditions d\u2019utilisation du site web.","robots":{"index":"noindex","follow":"follow"},"og_locale":"fr_FR","og_type":"article","og_title":"Mentions l\u00e9gales | COEMMO","og_description":"Mentions l\u00e9gales de RC COEMMO, S.L avec donn\u00e9es d\u2019enregistrement, propri\u00e9t\u00e9 intellectuelle, responsabilit\u00e9s et conditions d\u2019utilisation du site web.","og_url":"https:\/\/www.coemmo.com\/fr\/mentions-legales\/","og_site_name":"COEMMO","article_modified_time":"2026-03-04T14:23:08+00:00","og_image":[{"width":1280,"height":720,"url":"https:\/\/www.coemmo.com\/wp-content\/uploads\/2026\/03\/Coemmo-logo.jpg","type":"image\/jpeg"}],"twitter_card":"summary_large_image","twitter_misc":{"Dur\u00e9e de lecture estim\u00e9e":"2 minutes"},"schema":{"@context":"https:\/\/schema.org","@graph":[{"@type":"WebPage","@id":"https:\/\/www.coemmo.com\/fr\/mentions-legales\/","url":"https:\/\/www.coemmo.com\/fr\/mentions-legales\/","name":"Mentions l\u00e9gales | COEMMO","isPartOf":{"@id":"https:\/\/www.coemmo.com\/fr\/#website"},"datePublished":"2023-11-10T08:31:15+00:00","dateModified":"2026-03-04T14:23:08+00:00","description":"Mentions l\u00e9gales de RC COEMMO, S.L avec donn\u00e9es d\u2019enregistrement, propri\u00e9t\u00e9 intellectuelle, responsabilit\u00e9s et conditions d\u2019utilisation du site web.","breadcrumb":{"@id":"https:\/\/www.coemmo.com\/fr\/mentions-legales\/#breadcrumb"},"inLanguage":"fr-FR","potentialAction":[{"@type":"ReadAction","target":["https:\/\/www.coemmo.com\/fr\/mentions-legales\/"]}]},{"@type":"BreadcrumbList","@id":"https:\/\/www.coemmo.com\/fr\/mentions-legales\/#breadcrumb","itemListElement":[{"@type":"ListItem","position":1,"name":"Portada","item":"https:\/\/www.coemmo.com\/fr\/accueil\/"},{"@type":"ListItem","position":2,"name":"Mentions l\u00e9gales"}]},{"@type":"WebSite","@id":"https:\/\/www.coemmo.com\/fr\/#website","url":"https:\/\/www.coemmo.com\/fr\/","name":"COEMMO","description":"Fabricamos soluciones de embalaje","publisher":{"@id":"https:\/\/www.coemmo.com\/fr\/#organization"},"alternateName":"COEMMO Packaging","potentialAction":[{"@type":"SearchAction","target":{"@type":"EntryPoint","urlTemplate":"https:\/\/www.coemmo.com\/fr\/?s={search_term_string}"},"query-input":{"@type":"PropertyValueSpecification","valueRequired":true,"valueName":"search_term_string"}}],"inLanguage":"fr-FR"},{"@type":"Organization","@id":"https:\/\/www.coemmo.com\/fr\/#organization","name":"COEMMO","alternateName":"COEMMO Packaging","url":"https:\/\/www.coemmo.com\/fr\/","logo":{"@type":"ImageObject","inLanguage":"fr-FR","@id":"https:\/\/www.coemmo.com\/fr\/#\/schema\/logo\/image\/","url":"https:\/\/www.coemmo.com\/wp-content\/uploads\/2025\/06\/favicon.png","contentUrl":"https:\/\/www.coemmo.com\/wp-content\/uploads\/2025\/06\/favicon.png","width":512,"height":512,"caption":"COEMMO"},"image":{"@id":"https:\/\/www.coemmo.com\/fr\/#\/schema\/logo\/image\/"},"sameAs":["https:\/\/www.linkedin.com\/company\/coemmo?originalSubdomain=es"]}]}},"_links":{"self":[{"href":"https:\/\/www.coemmo.com\/fr\/wp-json\/wp\/v2\/pages\/8054","targetHints":{"allow":["GET"]}}],"collection":[{"href":"https:\/\/www.coemmo.com\/fr\/wp-json\/wp\/v2\/pages"}],"about":[{"href":"https:\/\/www.coemmo.com\/fr\/wp-json\/wp\/v2\/types\/page"}],"author":[{"embeddable":true,"href":"https:\/\/www.coemmo.com\/fr\/wp-json\/wp\/v2\/users\/1"}],"replies":[{"embeddable":true,"href":"https:\/\/www.coemmo.com\/fr\/wp-json\/wp\/v2\/comments?post=8054"}],"version-history":[{"count":1,"href":"https:\/\/www.coemmo.com\/fr\/wp-json\/wp\/v2\/pages\/8054\/revisions"}],"predecessor-version":[{"id":8061,"href":"https:\/\/www.coemmo.com\/fr\/wp-json\/wp\/v2\/pages\/8054\/revisions\/8061"}],"wp:attachment":[{"href":"https:\/\/www.coemmo.com\/fr\/wp-json\/wp\/v2\/media?parent=8054"}],"curies":[{"name":"wp","href":"https:\/\/api.w.org\/{rel}","templated":true}]}}