{"id":8003,"date":"2023-11-10T09:31:15","date_gmt":"2023-11-10T08:31:15","guid":{"rendered":"https:\/\/www.coemmo.com\/avis-legal\/"},"modified":"2026-03-04T15:21:45","modified_gmt":"2026-03-04T14:21:45","slug":"avis-legal","status":"publish","type":"page","link":"https:\/\/www.coemmo.com\/ca\/avis-legal\/","title":{"rendered":"Av\u00eds legal"},"content":{"rendered":"\t\t<div data-elementor-type=\"wp-page\" data-elementor-id=\"8003\" class=\"elementor elementor-8003 elementor-2591\" data-elementor-post-type=\"page\">\n\t\t\t\t<div class=\"elementor-element elementor-element-3bfe5a6 animated-slow e-flex e-con-boxed elementor-invisible e-con e-parent\" data-id=\"3bfe5a6\" data-element_type=\"container\" data-e-type=\"container\" data-settings=\"{&quot;background_background&quot;:&quot;classic&quot;,&quot;animation&quot;:&quot;fadeIn&quot;,&quot;animation_delay&quot;:500}\">\n\t\t\t\t\t<div class=\"e-con-inner\">\n\t\t\t\t<div class=\"elementor-element elementor-element-59154fa elementor-widget elementor-widget-heading\" data-id=\"59154fa\" data-element_type=\"widget\" data-e-type=\"widget\" data-widget_type=\"heading.default\">\n\t\t\t\t<div class=\"elementor-widget-container\">\n\t\t\t\t\t<h1 class=\"elementor-heading-title elementor-size-default\">Av\u00eds legal<\/h1>\t\t\t\t<\/div>\n\t\t\t\t<\/div>\n\t\t\t\t\t<\/div>\n\t\t\t\t<\/div>\n\t\t<div class=\"elementor-element elementor-element-4fb4b3f e-flex e-con-boxed e-con e-parent\" data-id=\"4fb4b3f\" data-element_type=\"container\" data-e-type=\"container\">\n\t\t\t\t\t<div class=\"e-con-inner\">\n\t\t\t\t<div class=\"elementor-element elementor-element-be1f9de animated-slow elementor-invisible elementor-widget elementor-widget-text-editor\" data-id=\"be1f9de\" data-element_type=\"widget\" data-e-type=\"widget\" data-settings=\"{&quot;_animation&quot;:&quot;fadeIn&quot;,&quot;_animation_delay&quot;:600}\" data-widget_type=\"text-editor.default\">\n\t\t\t\t<div class=\"elementor-widget-container\">\n\t\t\t\t\t\t\t\t\t<p>El lloc web i el domini <strong><a href=\"https:\/\/www.coemmo.com\/\">www.www.coemmo.com<\/a><\/strong> corresponen a <strong>RC COEMMO, S.L<\/strong>. amb CIF <strong>B60428521<\/strong> domiciliada a <strong>Avda. Ramon Ciurans, 10 \u2013 Pol.Ind. Congost \u2013 08530 La Garriga (Barcelona)<\/strong>, \u2013 tel. <strong>93 871 72 54<\/strong>, e-mail: <a href=\"mailto:info@coemmo.com\"><strong>info@coemmo.com<\/strong><\/a> <\/p><p><strong>Figura inscrita al Registre Mercantil de Barcelona, tom 26606, full B-107.280, foli 1, inscripci\u00f3 1a.<\/strong><\/p><p><strong>PROPIETAT INTEL\u00b7LECTUAL I INDUSTRIAL<\/strong><br>Els continguts d&#8217;aquest lloc, incloent-hi els textos, imatges i dissenys gr\u00e0fics, pertanyen a xxx, o a tercers que n&#8217;han autoritzat l&#8217;\u00fas espec\u00edficament al seu lloc web. RC COEMMO, S.L presenta aquests continguts amb finalitats d&#8217;informaci\u00f3 i publicitat. RC COEMMO, S.L n&#8217;autoritza la utilitzaci\u00f3 exclusivament per difondre els seus productes o serveis. Qualsevol utilitzaci\u00f3 d&#8217;aquests dissenys, imatges o textos haur\u00e0 de citar expressament la seva pertinen\u00e7a a RC COEMMO, S.L, que es reserva el dret d&#8217;iniciar les accions legals oportunes per reparar els danys i perjudicis causats per qualsevol acte que vulneri els seus drets de propietat intel\u00b7lectual o industrial. No s&#8217;autoritza la utilitzaci\u00f3 dels logotips, dissenys, marques o altres signes distintius de RC COEMMO, S.L ni dels clients de RC COEMMO, S.L sense autoritzaci\u00f3 expressa, pr\u00e8via i per escrit dels respectius titulars dels drets.    <\/p><p>No s&#8217;autoritzen presentacions dels continguts d&#8217;aquest lloc en una finestra aliena a https: <a href=\"https:\/\/www.coemmo.com\/\">www.www.coemmo.com<\/a> (framing).<\/p><p><strong>RESPONSABILITAT SOBRE ELS CONTINGUTS<\/strong><br>Tot i que RC COEMMO, S.L actua amb la m\u00e0xima dilig\u00e8ncia possible, pot donar-se el cas que alguna dada o informaci\u00f3 no estigui del tot actualitzada en el moment que l&#8217;usuari del lloc web la consulti. Per aix\u00f2 RC COEMMO, S.L manifesta que les refer\u00e8ncies dels productes i preus que es presenten al seu lloc web tenen una funci\u00f3 orientativa i no obliguen RC COEMMO, S.L fins a la confirmaci\u00f3 expressa d&#8217;una comanda. <\/p><p>RC COEMMO, S.L no es fa responsable de la informaci\u00f3 que es pugui obtenir a trav\u00e9s d&#8217;enlla\u00e7os inclosos al lloc.<\/p><p><strong>CONDICIONS D&#8217;\u00daS<\/strong><br>L&#8217;\u00fas d&#8217;aquest lloc web implica l&#8217;acceptaci\u00f3 plena dels termes i condicions del present av\u00eds legal. Els possibles conflictes relatius a aquest web es regiran exclusivament pel dret de l&#8217;Estat espanyol. Tota persona usu\u00e0ria del web, independentment de la jurisdicci\u00f3 territorial des de la qual es produeixi el seu acc\u00e9s, accepta el compliment i respecte d&#8217;aquestes cl\u00e0usules.  <\/p>\t\t\t\t\t\t\t\t<\/div>\n\t\t\t\t<\/div>\n\t\t\t\t\t<\/div>\n\t\t\t\t<\/div>\n\t\t\t\t<\/div>\n\t\t","protected":false},"excerpt":{"rendered":"<p>El lloc web i el domini www.www.coemmo.com corresponen a RC COEMMO, S.L. amb CIF B60428521 domiciliada a Avda. Ramon Ciurans, 10 \u2013 Pol.Ind. Congost \u2013 08530 La Garriga (Barcelona), \u2013 tel. 93 871 72 54, e-mail: info@coemmo.com Figura inscrita al Registre Mercantil de Barcelona, tom 26606, full B-107.280, foli 1, inscripci\u00f3 1a. PROPIETAT INTEL\u00b7LECTUAL I&hellip;&nbsp;<\/p>\n","protected":false},"author":1,"featured_media":0,"parent":0,"menu_order":0,"comment_status":"closed","ping_status":"closed","template":"page-templates\/template-pagebuilder-full-width.php","meta":{"_acf_changed":false,"neve_meta_sidebar":"","neve_meta_container":"","neve_meta_enable_content_width":"off","neve_meta_content_width":100,"neve_meta_title_alignment":"","neve_meta_author_avatar":"","neve_post_elements_order":"","neve_meta_disable_header":"","neve_meta_disable_footer":"","neve_meta_disable_title":"","footnotes":""},"class_list":["post-8003","page","type-page","status-publish","hentry"],"acf":[],"yoast_head":"<!-- This site is optimized with the Yoast SEO plugin v27.4 - https:\/\/yoast.com\/product\/yoast-seo-wordpress\/ -->\n<title>Av\u00eds legal | COEMMO<\/title>\n<meta name=\"description\" content=\"Av\u00eds legal de RC COEMMO, S.L amb dades registrals, propietat intel\u00b7lectual, responsabilitats i condicions d&#039;\u00fas del lloc web.\" \/>\n<meta name=\"robots\" content=\"noindex, follow\" \/>\n<meta property=\"og:locale\" content=\"ca_ES\" \/>\n<meta property=\"og:type\" content=\"article\" \/>\n<meta property=\"og:title\" content=\"Av\u00eds legal | COEMMO\" \/>\n<meta property=\"og:description\" content=\"Av\u00eds legal de RC COEMMO, S.L amb dades registrals, propietat intel\u00b7lectual, responsabilitats i condicions d&#039;\u00fas del lloc web.\" \/>\n<meta property=\"og:url\" content=\"https:\/\/www.coemmo.com\/ca\/avis-legal\/\" \/>\n<meta property=\"og:site_name\" content=\"COEMMO\" \/>\n<meta property=\"article:modified_time\" content=\"2026-03-04T14:21:45+00:00\" \/>\n<meta property=\"og:image\" content=\"https:\/\/www.coemmo.com\/wp-content\/uploads\/2026\/03\/Coemmo-logo.jpg\" \/>\n\t<meta property=\"og:image:width\" content=\"1280\" \/>\n\t<meta property=\"og:image:height\" content=\"720\" \/>\n\t<meta property=\"og:image:type\" content=\"image\/jpeg\" \/>\n<meta name=\"twitter:card\" content=\"summary_large_image\" \/>\n<meta name=\"twitter:label1\" content=\"Temps estimat de lectura\" \/>\n\t<meta name=\"twitter:data1\" content=\"2 minut\" \/>\n<script type=\"application\/ld+json\" class=\"yoast-schema-graph\">{\"@context\":\"https:\\\/\\\/schema.org\",\"@graph\":[{\"@type\":\"WebPage\",\"@id\":\"https:\\\/\\\/www.coemmo.com\\\/ca\\\/avis-legal\\\/\",\"url\":\"https:\\\/\\\/www.coemmo.com\\\/ca\\\/avis-legal\\\/\",\"name\":\"Av\u00eds legal | COEMMO\",\"isPartOf\":{\"@id\":\"https:\\\/\\\/www.coemmo.com\\\/ca\\\/#website\"},\"datePublished\":\"2023-11-10T08:31:15+00:00\",\"dateModified\":\"2026-03-04T14:21:45+00:00\",\"description\":\"Av\u00eds legal de RC COEMMO, S.L amb dades registrals, propietat intel\u00b7lectual, responsabilitats i condicions d'\u00fas del lloc web.\",\"breadcrumb\":{\"@id\":\"https:\\\/\\\/www.coemmo.com\\\/ca\\\/avis-legal\\\/#breadcrumb\"},\"inLanguage\":\"ca\",\"potentialAction\":[{\"@type\":\"ReadAction\",\"target\":[\"https:\\\/\\\/www.coemmo.com\\\/ca\\\/avis-legal\\\/\"]}]},{\"@type\":\"BreadcrumbList\",\"@id\":\"https:\\\/\\\/www.coemmo.com\\\/ca\\\/avis-legal\\\/#breadcrumb\",\"itemListElement\":[{\"@type\":\"ListItem\",\"position\":1,\"name\":\"Portada\",\"item\":\"https:\\\/\\\/www.coemmo.com\\\/ca\\\/\"},{\"@type\":\"ListItem\",\"position\":2,\"name\":\"Av\u00eds legal\"}]},{\"@type\":\"WebSite\",\"@id\":\"https:\\\/\\\/www.coemmo.com\\\/ca\\\/#website\",\"url\":\"https:\\\/\\\/www.coemmo.com\\\/ca\\\/\",\"name\":\"COEMMO\",\"description\":\"Fabricamos soluciones de embalaje\",\"publisher\":{\"@id\":\"https:\\\/\\\/www.coemmo.com\\\/ca\\\/#organization\"},\"alternateName\":\"COEMMO Packaging\",\"potentialAction\":[{\"@type\":\"SearchAction\",\"target\":{\"@type\":\"EntryPoint\",\"urlTemplate\":\"https:\\\/\\\/www.coemmo.com\\\/ca\\\/?s={search_term_string}\"},\"query-input\":{\"@type\":\"PropertyValueSpecification\",\"valueRequired\":true,\"valueName\":\"search_term_string\"}}],\"inLanguage\":\"ca\"},{\"@type\":\"Organization\",\"@id\":\"https:\\\/\\\/www.coemmo.com\\\/ca\\\/#organization\",\"name\":\"COEMMO\",\"alternateName\":\"COEMMO Packaging\",\"url\":\"https:\\\/\\\/www.coemmo.com\\\/ca\\\/\",\"logo\":{\"@type\":\"ImageObject\",\"inLanguage\":\"ca\",\"@id\":\"https:\\\/\\\/www.coemmo.com\\\/ca\\\/#\\\/schema\\\/logo\\\/image\\\/\",\"url\":\"https:\\\/\\\/www.coemmo.com\\\/wp-content\\\/uploads\\\/2025\\\/06\\\/favicon.png\",\"contentUrl\":\"https:\\\/\\\/www.coemmo.com\\\/wp-content\\\/uploads\\\/2025\\\/06\\\/favicon.png\",\"width\":512,\"height\":512,\"caption\":\"COEMMO\"},\"image\":{\"@id\":\"https:\\\/\\\/www.coemmo.com\\\/ca\\\/#\\\/schema\\\/logo\\\/image\\\/\"},\"sameAs\":[\"https:\\\/\\\/www.linkedin.com\\\/company\\\/coemmo?originalSubdomain=es\"]}]}<\/script>\n<!-- \/ Yoast SEO plugin. -->","yoast_head_json":{"title":"Av\u00eds legal | COEMMO","description":"Av\u00eds legal de RC COEMMO, S.L amb dades registrals, propietat intel\u00b7lectual, responsabilitats i condicions d'\u00fas del lloc web.","robots":{"index":"noindex","follow":"follow"},"og_locale":"ca_ES","og_type":"article","og_title":"Av\u00eds legal | COEMMO","og_description":"Av\u00eds legal de RC COEMMO, S.L amb dades registrals, propietat intel\u00b7lectual, responsabilitats i condicions d'\u00fas del lloc web.","og_url":"https:\/\/www.coemmo.com\/ca\/avis-legal\/","og_site_name":"COEMMO","article_modified_time":"2026-03-04T14:21:45+00:00","og_image":[{"width":1280,"height":720,"url":"https:\/\/www.coemmo.com\/wp-content\/uploads\/2026\/03\/Coemmo-logo.jpg","type":"image\/jpeg"}],"twitter_card":"summary_large_image","twitter_misc":{"Temps estimat de lectura":"2 minut"},"schema":{"@context":"https:\/\/schema.org","@graph":[{"@type":"WebPage","@id":"https:\/\/www.coemmo.com\/ca\/avis-legal\/","url":"https:\/\/www.coemmo.com\/ca\/avis-legal\/","name":"Av\u00eds legal | COEMMO","isPartOf":{"@id":"https:\/\/www.coemmo.com\/ca\/#website"},"datePublished":"2023-11-10T08:31:15+00:00","dateModified":"2026-03-04T14:21:45+00:00","description":"Av\u00eds legal de RC COEMMO, S.L amb dades registrals, propietat intel\u00b7lectual, responsabilitats i condicions d'\u00fas del lloc web.","breadcrumb":{"@id":"https:\/\/www.coemmo.com\/ca\/avis-legal\/#breadcrumb"},"inLanguage":"ca","potentialAction":[{"@type":"ReadAction","target":["https:\/\/www.coemmo.com\/ca\/avis-legal\/"]}]},{"@type":"BreadcrumbList","@id":"https:\/\/www.coemmo.com\/ca\/avis-legal\/#breadcrumb","itemListElement":[{"@type":"ListItem","position":1,"name":"Portada","item":"https:\/\/www.coemmo.com\/ca\/"},{"@type":"ListItem","position":2,"name":"Av\u00eds legal"}]},{"@type":"WebSite","@id":"https:\/\/www.coemmo.com\/ca\/#website","url":"https:\/\/www.coemmo.com\/ca\/","name":"COEMMO","description":"Fabricamos soluciones de embalaje","publisher":{"@id":"https:\/\/www.coemmo.com\/ca\/#organization"},"alternateName":"COEMMO Packaging","potentialAction":[{"@type":"SearchAction","target":{"@type":"EntryPoint","urlTemplate":"https:\/\/www.coemmo.com\/ca\/?s={search_term_string}"},"query-input":{"@type":"PropertyValueSpecification","valueRequired":true,"valueName":"search_term_string"}}],"inLanguage":"ca"},{"@type":"Organization","@id":"https:\/\/www.coemmo.com\/ca\/#organization","name":"COEMMO","alternateName":"COEMMO Packaging","url":"https:\/\/www.coemmo.com\/ca\/","logo":{"@type":"ImageObject","inLanguage":"ca","@id":"https:\/\/www.coemmo.com\/ca\/#\/schema\/logo\/image\/","url":"https:\/\/www.coemmo.com\/wp-content\/uploads\/2025\/06\/favicon.png","contentUrl":"https:\/\/www.coemmo.com\/wp-content\/uploads\/2025\/06\/favicon.png","width":512,"height":512,"caption":"COEMMO"},"image":{"@id":"https:\/\/www.coemmo.com\/ca\/#\/schema\/logo\/image\/"},"sameAs":["https:\/\/www.linkedin.com\/company\/coemmo?originalSubdomain=es"]}]}},"_links":{"self":[{"href":"https:\/\/www.coemmo.com\/ca\/wp-json\/wp\/v2\/pages\/8003","targetHints":{"allow":["GET"]}}],"collection":[{"href":"https:\/\/www.coemmo.com\/ca\/wp-json\/wp\/v2\/pages"}],"about":[{"href":"https:\/\/www.coemmo.com\/ca\/wp-json\/wp\/v2\/types\/page"}],"author":[{"embeddable":true,"href":"https:\/\/www.coemmo.com\/ca\/wp-json\/wp\/v2\/users\/1"}],"replies":[{"embeddable":true,"href":"https:\/\/www.coemmo.com\/ca\/wp-json\/wp\/v2\/comments?post=8003"}],"version-history":[{"count":1,"href":"https:\/\/www.coemmo.com\/ca\/wp-json\/wp\/v2\/pages\/8003\/revisions"}],"predecessor-version":[{"id":8004,"href":"https:\/\/www.coemmo.com\/ca\/wp-json\/wp\/v2\/pages\/8003\/revisions\/8004"}],"wp:attachment":[{"href":"https:\/\/www.coemmo.com\/ca\/wp-json\/wp\/v2\/media?parent=8003"}],"curies":[{"name":"wp","href":"https:\/\/api.w.org\/{rel}","templated":true}]}}