{"id":7969,"date":"2023-10-06T10:13:56","date_gmt":"2023-10-06T08:13:56","guid":{"rendered":"https:\/\/www.coemmo.com\/noticies\/"},"modified":"2026-03-04T15:21:43","modified_gmt":"2026-03-04T14:21:43","slug":"noticies","status":"publish","type":"page","link":"https:\/\/www.coemmo.com\/ca\/noticies\/","title":{"rendered":"Not\u00edcies"},"content":{"rendered":"\t\t<div data-elementor-type=\"wp-page\" data-elementor-id=\"7969\" class=\"elementor elementor-7969 elementor-1375\" data-elementor-post-type=\"page\">\n\t\t\t\t<div class=\"elementor-element elementor-element-3bfe5a6 animated-slow e-flex e-con-boxed elementor-invisible e-con e-parent\" data-id=\"3bfe5a6\" data-element_type=\"container\" data-e-type=\"container\" data-settings=\"{&quot;background_background&quot;:&quot;classic&quot;,&quot;animation&quot;:&quot;fadeIn&quot;,&quot;animation_delay&quot;:500}\">\n\t\t\t\t\t<div class=\"e-con-inner\">\n\t\t\t\t<div class=\"elementor-element elementor-element-59154fa elementor-widget elementor-widget-heading\" data-id=\"59154fa\" data-element_type=\"widget\" data-e-type=\"widget\" data-widget_type=\"heading.default\">\n\t\t\t\t<div class=\"elementor-widget-container\">\n\t\t\t\t\t<h1 class=\"elementor-heading-title elementor-size-default\">Not\u00edcies<\/h1>\t\t\t\t<\/div>\n\t\t\t\t<\/div>\n\t\t\t\t\t<\/div>\n\t\t\t\t<\/div>\n\t\t<div class=\"elementor-element elementor-element-e57667b e-flex e-con-boxed e-con e-parent\" data-id=\"e57667b\" data-element_type=\"container\" data-e-type=\"container\">\n\t\t\t\t\t<div class=\"e-con-inner\">\n\t\t\t\t<div class=\"elementor-element elementor-element-721ac7d elementor-grid-4 elementor-grid-laptop-2 elementor-grid-tablet-2 elementor-grid-mobile-1 elementor-widget elementor-widget-loop-grid\" data-id=\"721ac7d\" data-element_type=\"widget\" data-e-type=\"widget\" data-settings=\"{&quot;template_id&quot;:8036,&quot;columns&quot;:4,&quot;columns_laptop&quot;:2,&quot;pagination_type&quot;:&quot;prev_next&quot;,&quot;_skin&quot;:&quot;post&quot;,&quot;columns_tablet&quot;:&quot;2&quot;,&quot;columns_mobile&quot;:&quot;1&quot;,&quot;edit_handle_selector&quot;:&quot;[data-elementor-type=\\&quot;loop-item\\&quot;]&quot;,&quot;pagination_load_type&quot;:&quot;page_reload&quot;,&quot;row_gap&quot;:{&quot;unit&quot;:&quot;px&quot;,&quot;size&quot;:&quot;&quot;,&quot;sizes&quot;:[]},&quot;row_gap_laptop&quot;:{&quot;unit&quot;:&quot;px&quot;,&quot;size&quot;:&quot;&quot;,&quot;sizes&quot;:[]},&quot;row_gap_tablet&quot;:{&quot;unit&quot;:&quot;px&quot;,&quot;size&quot;:&quot;&quot;,&quot;sizes&quot;:[]},&quot;row_gap_mobile&quot;:{&quot;unit&quot;:&quot;px&quot;,&quot;size&quot;:&quot;&quot;,&quot;sizes&quot;:[]}}\" data-widget_type=\"loop-grid.post\">\n\t\t\t\t<div class=\"elementor-widget-container\">\n\t\t\t\t\t\t\t<div class=\"elementor-loop-container elementor-grid\" role=\"list\">\n\t\t<style id=\"loop-dynamic-8036\">.e-loop-item-7941 .elementor-element.elementor-element-d2b2b97:not(.elementor-motion-effects-element-type-background), .e-loop-item-7941 .elementor-element.elementor-element-d2b2b97 > .elementor-motion-effects-container > .elementor-motion-effects-layer{background-image:url(\"https:\/\/www.coemmo.com\/wp-content\/uploads\/2025\/06\/plastico-en-embalaje.jpg\");}<\/style><style id=\"loop-8036\">.elementor-8036 .elementor-element.elementor-element-d2b2b97{--display:flex;--flex-direction:column;--container-widget-width:100%;--container-widget-height:initial;--container-widget-flex-grow:0;--container-widget-align-self:initial;--flex-wrap-mobile:wrap;--justify-content:flex-end;--gap:9px 9px;--row-gap:9px;--column-gap:9px;--overlay-opacity:1;border-style:none;--border-style:none;--border-radius:0px 0px 0px 0px;--padding-top:35px;--padding-bottom:35px;--padding-left:35px;--padding-right:35px;}.elementor-8036 .elementor-element.elementor-element-d2b2b97:not(.elementor-motion-effects-element-type-background), .elementor-8036 .elementor-element.elementor-element-d2b2b97 > .elementor-motion-effects-container > .elementor-motion-effects-layer{background-color:var( --e-global-color-c2590bc );background-position:center center;background-repeat:no-repeat;background-size:cover;}.elementor-8036 .elementor-element.elementor-element-d2b2b97::before, .elementor-8036 .elementor-element.elementor-element-d2b2b97 > .elementor-background-video-container::before, .elementor-8036 .elementor-element.elementor-element-d2b2b97 > .e-con-inner > .elementor-background-video-container::before, .elementor-8036 .elementor-element.elementor-element-d2b2b97 > .elementor-background-slideshow::before, .elementor-8036 .elementor-element.elementor-element-d2b2b97 > .e-con-inner > .elementor-background-slideshow::before, .elementor-8036 .elementor-element.elementor-element-d2b2b97 > .elementor-motion-effects-container > .elementor-motion-effects-layer::before{--background-overlay:'';background-color:#0000007A;background-image:url(\"https:\/\/www.coemmo.com\/wp-content\/uploads\/2025\/06\/quadrats-vermells.svg\");background-position:bottom center;background-repeat:no-repeat;background-size:contain;}.elementor-8036 .elementor-element.elementor-element-d2b2b97:hover{border-style:none;box-shadow:0px 0px 20px 0px rgba(0, 0, 0, 0.08);}.elementor-8036 .elementor-element.elementor-element-d2b2b97, .elementor-8036 .elementor-element.elementor-element-d2b2b97::before{--border-transition:0.3s;}.elementor-widget-heading .elementor-heading-title{font-family:var( --e-global-typography-primary-font-family ), Sans-serif;font-weight:var( --e-global-typography-primary-font-weight );color:var( --e-global-color-primary );}.elementor-8036 .elementor-element.elementor-element-510eebb .elementor-heading-title{font-family:\"din-2014\", Sans-serif;font-size:15px;font-weight:500;letter-spacing:0.02em;color:#FFFFFFB8;}.elementor-8036 .elementor-element.elementor-element-8b4c8ad .elementor-heading-title{font-family:\"adelle-sans\", Sans-serif;font-size:24px;font-weight:bold;line-height:1.2em;letter-spacing:0.02em;color:var( --e-global-color-nvsitebg );}\/* Start custom CSS for container, class: .elementor-element-d2b2b97 *\/.elementor-8036 .elementor-element.elementor-element-d2b2b97 {\n    aspect-ratio: 4 \/ 6;\n}\n.elementor-8036 .elementor-element.elementor-element-d2b2b97:hover {\n    transform: scale(0.95);\n}\n\n.elementor-8036 .elementor-element.elementor-element-d2b2b97 {\n    background-position: center !important;\n    background-size: cover !important;\n}\/* End custom CSS *\/<\/style>\t\t<div data-elementor-type=\"loop-item\" data-elementor-id=\"8036\" class=\"elementor elementor-8036 elementor-667 elementor-667 e-loop-item e-loop-item-7941 post-7941 post type-post status-publish format-standard has-post-thumbnail hentry category-sense-categoria\" data-elementor-post-type=\"elementor_library\" data-custom-edit-handle=\"1\">\n\t\t\t<a class=\"elementor-element elementor-element-d2b2b97 e-flex e-con-boxed e-con e-parent\" data-id=\"d2b2b97\" data-element_type=\"container\" data-e-type=\"container\" data-settings=\"{&quot;background_background&quot;:&quot;classic&quot;}\" href=\"https:\/\/www.coemmo.com\/ca\/el-plastic-en-lembalatge-desmuntant-mites-i-apostant-per-un-us-responsable\/\">\n\t\t\t\t\t<div class=\"e-con-inner\">\n\t\t\t\t<div class=\"elementor-element elementor-element-510eebb elementor-widget elementor-widget-heading\" data-id=\"510eebb\" data-element_type=\"widget\" data-e-type=\"widget\" data-widget_type=\"heading.default\">\n\t\t\t\t<div class=\"elementor-widget-container\">\n\t\t\t\t\t<div class=\"elementor-heading-title elementor-size-default\">16 de febrer de 2026<\/div>\t\t\t\t<\/div>\n\t\t\t\t<\/div>\n\t\t\t\t<div class=\"elementor-element elementor-element-8b4c8ad elementor-widget elementor-widget-heading\" data-id=\"8b4c8ad\" data-element_type=\"widget\" data-e-type=\"widget\" data-widget_type=\"heading.default\">\n\t\t\t\t<div class=\"elementor-widget-container\">\n\t\t\t\t\t<h2 class=\"elementor-heading-title elementor-size-default\">El pl\u00e0stic en l\u2019embalatge: desmuntant mites i apostant per un \u00fas responsable<\/h2>\t\t\t\t<\/div>\n\t\t\t\t<\/div>\n\t\t\t\t\t<\/div>\n\t\t\t\t<\/a>\n\t\t\t\t<\/div>\n\t\t<style id=\"loop-dynamic-8036\">.e-loop-item-7926 .elementor-element.elementor-element-d2b2b97:not(.elementor-motion-effects-element-type-background), .e-loop-item-7926 .elementor-element.elementor-element-d2b2b97 > .elementor-motion-effects-container > .elementor-motion-effects-layer{background-image:url(\"https:\/\/www.coemmo.com\/wp-content\/uploads\/2025\/06\/embalaje-proteccion-adecuada.jpg\");}<\/style>\t\t<div data-elementor-type=\"loop-item\" data-elementor-id=\"8036\" class=\"elementor elementor-8036 elementor-667 elementor-667 e-loop-item e-loop-item-7926 post-7926 post type-post status-publish format-standard has-post-thumbnail hentry category-sense-categoria\" data-elementor-post-type=\"elementor_library\" data-custom-edit-handle=\"1\">\n\t\t\t<a class=\"elementor-element elementor-element-d2b2b97 e-flex e-con-boxed e-con e-parent\" data-id=\"d2b2b97\" data-element_type=\"container\" data-e-type=\"container\" data-settings=\"{&quot;background_background&quot;:&quot;classic&quot;}\" href=\"https:\/\/www.coemmo.com\/ca\/per-que-lembalatge-pot-fallar-sense-una-proteccio-embuatada-adequada\/\">\n\t\t\t\t\t<div class=\"e-con-inner\">\n\t\t\t\t<div class=\"elementor-element elementor-element-510eebb elementor-widget elementor-widget-heading\" data-id=\"510eebb\" data-element_type=\"widget\" data-e-type=\"widget\" data-widget_type=\"heading.default\">\n\t\t\t\t<div class=\"elementor-widget-container\">\n\t\t\t\t\t<div class=\"elementor-heading-title elementor-size-default\">19 de gener de 2026<\/div>\t\t\t\t<\/div>\n\t\t\t\t<\/div>\n\t\t\t\t<div class=\"elementor-element elementor-element-8b4c8ad elementor-widget elementor-widget-heading\" data-id=\"8b4c8ad\" data-element_type=\"widget\" data-e-type=\"widget\" data-widget_type=\"heading.default\">\n\t\t\t\t<div class=\"elementor-widget-container\">\n\t\t\t\t\t<h2 class=\"elementor-heading-title elementor-size-default\">Per qu\u00e8 l&#8217;embalatge pot fallar sense una protecci\u00f3 embuatada adequada<\/h2>\t\t\t\t<\/div>\n\t\t\t\t<\/div>\n\t\t\t\t\t<\/div>\n\t\t\t\t<\/a>\n\t\t\t\t<\/div>\n\t\t<style id=\"loop-dynamic-8036\">.e-loop-item-7939 .elementor-element.elementor-element-d2b2b97:not(.elementor-motion-effects-element-type-background), .e-loop-item-7939 .elementor-element.elementor-element-d2b2b97 > .elementor-motion-effects-container > .elementor-motion-effects-layer{background-image:url(\"https:\/\/www.coemmo.com\/wp-content\/uploads\/2026\/02\/tendencias-packaging-e-commerce.jpg\");}<\/style>\t\t<div data-elementor-type=\"loop-item\" data-elementor-id=\"8036\" class=\"elementor elementor-8036 elementor-667 elementor-667 e-loop-item e-loop-item-7939 post-7939 post type-post status-publish format-standard has-post-thumbnail hentry\" data-elementor-post-type=\"elementor_library\" data-custom-edit-handle=\"1\">\n\t\t\t<a class=\"elementor-element elementor-element-d2b2b97 e-flex e-con-boxed e-con e-parent\" data-id=\"d2b2b97\" data-element_type=\"container\" data-e-type=\"container\" data-settings=\"{&quot;background_background&quot;:&quot;classic&quot;}\" href=\"https:\/\/www.coemmo.com\/ca\/tendencies-en-packaging-e-commerce-sostenibilitat-i-personalitzacio\/\">\n\t\t\t\t\t<div class=\"e-con-inner\">\n\t\t\t\t<div class=\"elementor-element elementor-element-510eebb elementor-widget elementor-widget-heading\" data-id=\"510eebb\" data-element_type=\"widget\" data-e-type=\"widget\" data-widget_type=\"heading.default\">\n\t\t\t\t<div class=\"elementor-widget-container\">\n\t\t\t\t\t<div class=\"elementor-heading-title elementor-size-default\">21 de desembre de 2025<\/div>\t\t\t\t<\/div>\n\t\t\t\t<\/div>\n\t\t\t\t<div class=\"elementor-element elementor-element-8b4c8ad elementor-widget elementor-widget-heading\" data-id=\"8b4c8ad\" data-element_type=\"widget\" data-e-type=\"widget\" data-widget_type=\"heading.default\">\n\t\t\t\t<div class=\"elementor-widget-container\">\n\t\t\t\t\t<h2 class=\"elementor-heading-title elementor-size-default\">Tend\u00e8ncies en packaging e-commerce: sostenibilitat i personalitzaci\u00f3<\/h2>\t\t\t\t<\/div>\n\t\t\t\t<\/div>\n\t\t\t\t\t<\/div>\n\t\t\t\t<\/a>\n\t\t\t\t<\/div>\n\t\t\t\t<\/div>\n\t\t\n\t\t\t\t\t\t<\/div>\n\t\t\t\t<\/div>\n\t\t\t\t\t<\/div>\n\t\t\t\t<\/div>\n\t\t\t\t<\/div>\n\t\t","protected":false},"excerpt":{"rendered":"","protected":false},"author":1,"featured_media":0,"parent":0,"menu_order":0,"comment_status":"closed","ping_status":"closed","template":"page-templates\/template-pagebuilder-full-width.php","meta":{"_acf_changed":false,"neve_meta_sidebar":"","neve_meta_container":"","neve_meta_enable_content_width":"off","neve_meta_content_width":100,"neve_meta_title_alignment":"","neve_meta_author_avatar":"","neve_post_elements_order":"","neve_meta_disable_header":"","neve_meta_disable_footer":"","neve_meta_disable_title":"","footnotes":""},"class_list":["post-7969","page","type-page","status-publish","hentry"],"acf":[],"yoast_head":"<!-- This site is optimized with the Yoast SEO plugin v27.4 - https:\/\/yoast.com\/product\/yoast-seo-wordpress\/ -->\n<title>Not\u00edcies | Coemmo<\/title>\n<meta name=\"description\" content=\"Manteniu-vos informat i al dia de les not\u00edcies i esdeveniments m\u00e9s rellevants, amb la nostra secci\u00f3 de not\u00edcies, COEMMO.\" \/>\n<meta name=\"robots\" content=\"index, follow, max-snippet:-1, max-image-preview:large, max-video-preview:-1\" \/>\n<link rel=\"canonical\" href=\"https:\/\/www.coemmo.com\/ca\/noticies\/\" \/>\n<meta property=\"og:locale\" content=\"ca_ES\" \/>\n<meta property=\"og:type\" content=\"article\" \/>\n<meta property=\"og:title\" content=\"Not\u00edcies | Coemmo\" \/>\n<meta property=\"og:description\" content=\"Manteniu-vos informat i al dia de les not\u00edcies i esdeveniments m\u00e9s rellevants, amb la nostra secci\u00f3 de not\u00edcies, COEMMO.\" \/>\n<meta property=\"og:url\" content=\"https:\/\/www.coemmo.com\/ca\/noticies\/\" \/>\n<meta property=\"og:site_name\" content=\"COEMMO\" \/>\n<meta property=\"article:modified_time\" content=\"2026-03-04T14:21:43+00:00\" \/>\n<meta property=\"og:image\" content=\"https:\/\/www.coemmo.com\/wp-content\/uploads\/2026\/03\/Coemmo-logo.jpg\" \/>\n\t<meta property=\"og:image:width\" content=\"1280\" \/>\n\t<meta property=\"og:image:height\" content=\"720\" \/>\n\t<meta property=\"og:image:type\" content=\"image\/jpeg\" \/>\n<meta name=\"twitter:card\" content=\"summary_large_image\" \/>\n<script type=\"application\/ld+json\" class=\"yoast-schema-graph\">{\"@context\":\"https:\\\/\\\/schema.org\",\"@graph\":[{\"@type\":\"WebPage\",\"@id\":\"https:\\\/\\\/www.coemmo.com\\\/ca\\\/noticies\\\/\",\"url\":\"https:\\\/\\\/www.coemmo.com\\\/ca\\\/noticies\\\/\",\"name\":\"Not\u00edcies | Coemmo\",\"isPartOf\":{\"@id\":\"https:\\\/\\\/www.coemmo.com\\\/ca\\\/#website\"},\"datePublished\":\"2023-10-06T08:13:56+00:00\",\"dateModified\":\"2026-03-04T14:21:43+00:00\",\"description\":\"Manteniu-vos informat i al dia de les not\u00edcies i esdeveniments m\u00e9s rellevants, amb la nostra secci\u00f3 de not\u00edcies, COEMMO.\",\"breadcrumb\":{\"@id\":\"https:\\\/\\\/www.coemmo.com\\\/ca\\\/noticies\\\/#breadcrumb\"},\"inLanguage\":\"ca\",\"potentialAction\":[{\"@type\":\"ReadAction\",\"target\":[\"https:\\\/\\\/www.coemmo.com\\\/ca\\\/noticies\\\/\"]}]},{\"@type\":\"BreadcrumbList\",\"@id\":\"https:\\\/\\\/www.coemmo.com\\\/ca\\\/noticies\\\/#breadcrumb\",\"itemListElement\":[{\"@type\":\"ListItem\",\"position\":1,\"name\":\"Portada\",\"item\":\"https:\\\/\\\/www.coemmo.com\\\/ca\\\/\"},{\"@type\":\"ListItem\",\"position\":2,\"name\":\"Not\u00edcies\"}]},{\"@type\":\"WebSite\",\"@id\":\"https:\\\/\\\/www.coemmo.com\\\/ca\\\/#website\",\"url\":\"https:\\\/\\\/www.coemmo.com\\\/ca\\\/\",\"name\":\"COEMMO\",\"description\":\"Fabricamos soluciones de embalaje\",\"publisher\":{\"@id\":\"https:\\\/\\\/www.coemmo.com\\\/ca\\\/#organization\"},\"alternateName\":\"COEMMO Packaging\",\"potentialAction\":[{\"@type\":\"SearchAction\",\"target\":{\"@type\":\"EntryPoint\",\"urlTemplate\":\"https:\\\/\\\/www.coemmo.com\\\/ca\\\/?s={search_term_string}\"},\"query-input\":{\"@type\":\"PropertyValueSpecification\",\"valueRequired\":true,\"valueName\":\"search_term_string\"}}],\"inLanguage\":\"ca\"},{\"@type\":\"Organization\",\"@id\":\"https:\\\/\\\/www.coemmo.com\\\/ca\\\/#organization\",\"name\":\"COEMMO\",\"alternateName\":\"COEMMO Packaging\",\"url\":\"https:\\\/\\\/www.coemmo.com\\\/ca\\\/\",\"logo\":{\"@type\":\"ImageObject\",\"inLanguage\":\"ca\",\"@id\":\"https:\\\/\\\/www.coemmo.com\\\/ca\\\/#\\\/schema\\\/logo\\\/image\\\/\",\"url\":\"https:\\\/\\\/www.coemmo.com\\\/wp-content\\\/uploads\\\/2025\\\/06\\\/favicon.png\",\"contentUrl\":\"https:\\\/\\\/www.coemmo.com\\\/wp-content\\\/uploads\\\/2025\\\/06\\\/favicon.png\",\"width\":512,\"height\":512,\"caption\":\"COEMMO\"},\"image\":{\"@id\":\"https:\\\/\\\/www.coemmo.com\\\/ca\\\/#\\\/schema\\\/logo\\\/image\\\/\"},\"sameAs\":[\"https:\\\/\\\/www.linkedin.com\\\/company\\\/coemmo?originalSubdomain=es\"]}]}<\/script>\n<!-- \/ Yoast SEO plugin. -->","yoast_head_json":{"title":"Not\u00edcies | Coemmo","description":"Manteniu-vos informat i al dia de les not\u00edcies i esdeveniments m\u00e9s rellevants, amb la nostra secci\u00f3 de not\u00edcies, COEMMO.","robots":{"index":"index","follow":"follow","max-snippet":"max-snippet:-1","max-image-preview":"max-image-preview:large","max-video-preview":"max-video-preview:-1"},"canonical":"https:\/\/www.coemmo.com\/ca\/noticies\/","og_locale":"ca_ES","og_type":"article","og_title":"Not\u00edcies | Coemmo","og_description":"Manteniu-vos informat i al dia de les not\u00edcies i esdeveniments m\u00e9s rellevants, amb la nostra secci\u00f3 de not\u00edcies, COEMMO.","og_url":"https:\/\/www.coemmo.com\/ca\/noticies\/","og_site_name":"COEMMO","article_modified_time":"2026-03-04T14:21:43+00:00","og_image":[{"width":1280,"height":720,"url":"https:\/\/www.coemmo.com\/wp-content\/uploads\/2026\/03\/Coemmo-logo.jpg","type":"image\/jpeg"}],"twitter_card":"summary_large_image","schema":{"@context":"https:\/\/schema.org","@graph":[{"@type":"WebPage","@id":"https:\/\/www.coemmo.com\/ca\/noticies\/","url":"https:\/\/www.coemmo.com\/ca\/noticies\/","name":"Not\u00edcies | Coemmo","isPartOf":{"@id":"https:\/\/www.coemmo.com\/ca\/#website"},"datePublished":"2023-10-06T08:13:56+00:00","dateModified":"2026-03-04T14:21:43+00:00","description":"Manteniu-vos informat i al dia de les not\u00edcies i esdeveniments m\u00e9s rellevants, amb la nostra secci\u00f3 de not\u00edcies, COEMMO.","breadcrumb":{"@id":"https:\/\/www.coemmo.com\/ca\/noticies\/#breadcrumb"},"inLanguage":"ca","potentialAction":[{"@type":"ReadAction","target":["https:\/\/www.coemmo.com\/ca\/noticies\/"]}]},{"@type":"BreadcrumbList","@id":"https:\/\/www.coemmo.com\/ca\/noticies\/#breadcrumb","itemListElement":[{"@type":"ListItem","position":1,"name":"Portada","item":"https:\/\/www.coemmo.com\/ca\/"},{"@type":"ListItem","position":2,"name":"Not\u00edcies"}]},{"@type":"WebSite","@id":"https:\/\/www.coemmo.com\/ca\/#website","url":"https:\/\/www.coemmo.com\/ca\/","name":"COEMMO","description":"Fabricamos soluciones de embalaje","publisher":{"@id":"https:\/\/www.coemmo.com\/ca\/#organization"},"alternateName":"COEMMO Packaging","potentialAction":[{"@type":"SearchAction","target":{"@type":"EntryPoint","urlTemplate":"https:\/\/www.coemmo.com\/ca\/?s={search_term_string}"},"query-input":{"@type":"PropertyValueSpecification","valueRequired":true,"valueName":"search_term_string"}}],"inLanguage":"ca"},{"@type":"Organization","@id":"https:\/\/www.coemmo.com\/ca\/#organization","name":"COEMMO","alternateName":"COEMMO Packaging","url":"https:\/\/www.coemmo.com\/ca\/","logo":{"@type":"ImageObject","inLanguage":"ca","@id":"https:\/\/www.coemmo.com\/ca\/#\/schema\/logo\/image\/","url":"https:\/\/www.coemmo.com\/wp-content\/uploads\/2025\/06\/favicon.png","contentUrl":"https:\/\/www.coemmo.com\/wp-content\/uploads\/2025\/06\/favicon.png","width":512,"height":512,"caption":"COEMMO"},"image":{"@id":"https:\/\/www.coemmo.com\/ca\/#\/schema\/logo\/image\/"},"sameAs":["https:\/\/www.linkedin.com\/company\/coemmo?originalSubdomain=es"]}]}},"_links":{"self":[{"href":"https:\/\/www.coemmo.com\/ca\/wp-json\/wp\/v2\/pages\/7969","targetHints":{"allow":["GET"]}}],"collection":[{"href":"https:\/\/www.coemmo.com\/ca\/wp-json\/wp\/v2\/pages"}],"about":[{"href":"https:\/\/www.coemmo.com\/ca\/wp-json\/wp\/v2\/types\/page"}],"author":[{"embeddable":true,"href":"https:\/\/www.coemmo.com\/ca\/wp-json\/wp\/v2\/users\/1"}],"replies":[{"embeddable":true,"href":"https:\/\/www.coemmo.com\/ca\/wp-json\/wp\/v2\/comments?post=7969"}],"version-history":[{"count":1,"href":"https:\/\/www.coemmo.com\/ca\/wp-json\/wp\/v2\/pages\/7969\/revisions"}],"predecessor-version":[{"id":7970,"href":"https:\/\/www.coemmo.com\/ca\/wp-json\/wp\/v2\/pages\/7969\/revisions\/7970"}],"wp:attachment":[{"href":"https:\/\/www.coemmo.com\/ca\/wp-json\/wp\/v2\/media?parent=7969"}],"curies":[{"name":"wp","href":"https:\/\/api.w.org\/{rel}","templated":true}]}}